{"id":1460,"date":"2016-02-28T13:11:28","date_gmt":"2016-02-28T11:11:28","guid":{"rendered":"http:\/\/topexpert.ro\/?page_id=1460"},"modified":"2021-04-23T17:19:04","modified_gmt":"2021-04-23T15:19:04","slug":"transport-rutier","status":"publish","type":"page","link":"https:\/\/test.topexpert.ro\/de_DE\/transport-rutier\/","title":{"rendered":"Stra\u00dfenverkehr"},"content":{"rendered":"<div class=\"vc_row wpb_row vc_row-fluid\"><div class=\"wpb_column vc_column_container vc_col-sm-6\"><div class=\"wpb_wrapper\">\n\t<div class=\"wpb_single_image wpb_content_element vc_align_left\">\n\t\t<div class=\"wpb_wrapper\">\n\t\t\t\n\t\t\t<div class=\"vc_single_image-wrapper   vc_box_border_grey\"><img width=\"4912\" height=\"3264\" src=\"https:\/\/test.topexpert.ro\/wp-content\/uploads\/2015\/08\/rutier.jpg\" class=\"vc_single_image-img attachment-full\" alt=\"\" loading=\"lazy\" srcset=\"https:\/\/test.topexpert.ro\/wp-content\/uploads\/2015\/08\/rutier.jpg 4912w, https:\/\/test.topexpert.ro\/wp-content\/uploads\/2015\/08\/rutier-300x199.jpg 300w, https:\/\/test.topexpert.ro\/wp-content\/uploads\/2015\/08\/rutier-768x510.jpg 768w, https:\/\/test.topexpert.ro\/wp-content\/uploads\/2015\/08\/rutier-1024x680.jpg 1024w\" sizes=\"(max-width: 4912px) 100vw, 4912px\" \/><\/div>\n\t\t<\/div>\n\t<\/div>\n\t<div class=\"vc_btn3-container  wpb_animate_when_almost_visible wpb_appear vc_btn3-center\"><a class=\"vc_general vc_btn3 vc_btn3-size-md vc_btn3-shape-rounded vc_btn3-style-flat vc_btn3-color-primary\" href=\"\/solicitare-online\/\" title=\"\" target=\"_self\">Jetzt dieses  Angebot anfordern!<\/a><\/div><\/div><\/div><div class=\"wpb_column vc_column_container vc_col-sm-6\"><div class=\"wpb_wrapper\">\n\t<div class=\"wpb_text_column wpb_content_element \">\n\t\t<div class=\"wpb_wrapper\">\n\t\t\t<p>TOP EXPERT DCE organisiert \u00a0Stra\u00dfentransport sowohl international als auch national. Der Stra\u00dfentransport wird sowohl als LKW &#8211; Komplettladung als auch als Sammeltransport auf Spezialfahrzeugen f\u00fcr jede Art von G\u00fctern abgewickelt.<\/p>\n<p>\u00a0<\/p>\n<p>Die Fahrzeuge erf\u00fcllen die Bed\u00fcrfnisse unserer Kunden f\u00fcr den nationalen und internationalen Transport, sowohl f\u00fcr den Export als auch f\u00fcr den Import: alle Arten von LKWs (mit unterschiedlichen Volumen und Dimensionen) &#8211; 7,5-Tonnen-LKWs, 20 Tonnen LKWs, Planen &#8211; LKWs, LKW mit Anh\u00e4nger, Jumbo LKW, Anh\u00e4nger f\u00fcr den Transport von Fahrzeugen, \u00a0K\u00fchltransport, Isothermen, LKW s f\u00fcr die Bef\u00f6rderung von Gefahreng\u00fcter etc.<\/p>\n<p>Wir organisieren auch den Stra\u00dfentransport von Containern im Rahmen eines kombinierten, multimodalen Transportes, sowohl f\u00fcr Waren mit Bestimmungsort in einem der H\u00e4fen am Schwarzen Meer (Constanta oder anderweitig) als auch f\u00fcr Waren, die weltweit ab dem Hafen in Constanta (oder einem anderen Hafen mit Containerterminale) zu versenden sind.<\/p>\n\n\t\t<\/div>\n\t<\/div>\n<\/div><\/div><\/div>\n","protected":false},"excerpt":{"rendered":"<p>[vc_row][vc_column width=\"1\/2\"][vc_single_image image=\"1615\" img_size=\"full\"][vc_btn title=\"Jetzt dieses\u00a0 Angebot anfordern!\" style=\"flat\" color=\"primary\" align=\"center\" css_animation=\"appear\" link=\"url:%2Fsolicitare-online%2F||\"][\/vc_column][vc_c&#8230;<\/p>\n","protected":false},"author":1,"featured_media":0,"parent":0,"menu_order":0,"comment_status":"closed","ping_status":"closed","template":"","meta":[],"_links":{"self":[{"href":"https:\/\/test.topexpert.ro\/de_DE\/wp-json\/wp\/v2\/pages\/1460"}],"collection":[{"href":"https:\/\/test.topexpert.ro\/de_DE\/wp-json\/wp\/v2\/pages"}],"about":[{"href":"https:\/\/test.topexpert.ro\/de_DE\/wp-json\/wp\/v2\/types\/page"}],"author":[{"embeddable":true,"href":"https:\/\/test.topexpert.ro\/de_DE\/wp-json\/wp\/v2\/users\/1"}],"replies":[{"embeddable":true,"href":"https:\/\/test.topexpert.ro\/de_DE\/wp-json\/wp\/v2\/comments?post=1460"}],"version-history":[{"count":24,"href":"https:\/\/test.topexpert.ro\/de_DE\/wp-json\/wp\/v2\/pages\/1460\/revisions"}],"predecessor-version":[{"id":2306,"href":"https:\/\/test.topexpert.ro\/de_DE\/wp-json\/wp\/v2\/pages\/1460\/revisions\/2306"}],"wp:attachment":[{"href":"https:\/\/test.topexpert.ro\/de_DE\/wp-json\/wp\/v2\/media?parent=1460"}],"curies":[{"name":"wp","href":"https:\/\/api.w.org\/{rel}","templated":true}]}}