{"id":110,"date":"2015-07-30T01:18:35","date_gmt":"2015-07-30T01:18:35","guid":{"rendered":"http:\/\/demo.thimpress.com\/fastex\/?page_id=110"},"modified":"2016-05-28T22:06:26","modified_gmt":"2016-05-28T20:06:26","slug":"services-2","status":"publish","type":"page","link":"https:\/\/test.topexpert.ro\/it_IT\/services-2\/","title":{"rendered":"Servizi"},"content":{"rendered":"<div class=\"vc_row wpb_row vc_row-fluid\"><div class=\"wpb_column vc_column_container vc_col-sm-12\"><div class=\"wpb_wrapper\">\n\t<div class=\"wpb_text_column wpb_content_element \">\n\t\t<div class=\"wpb_wrapper\">\n\t\t\t<p>Top Expert offre ai propri clienti le soluzioni ottimali per il trasporto, la logistica e la risoluzione delle formalit\u00e0 doganali, assicurando che il nostro lavoro nell&#8217;interesse del cliente \u00e8 tenuto ad elevati standard di qualit\u00e0 e precisione.<br \/>\nNessun progetto non c\u2019\u00e8 troppo grande o troppo piccolo per noi, il nostro vantaggio \u00e8 la possibilit\u00e0 di combinare e ottimizzare i servizi che offriamo ai nostri clienti. Inoltre, investiamo continuamente nello sviluppo della nostra societ\u00e0, per essere sempre in grado di fornire un servizio completo e di alta qualit\u00e0.<br \/>\nCos\u00ec, Top Expert offre i seguenti servizi:<\/p>\n\n\t\t<\/div>\n\t<\/div>\n<div class=\"vc_separator wpb_content_element vc_separator_align_center vc_sep_width_100 vc_sep_pos_align_center vc_separator_no_text vc_sep_color_grey  vc_custom_1456255734516\"><span\n\t\tclass=\"vc_sep_holder vc_sep_holder_l\"><span\t\t\tclass=\"vc_sep_line\"><\/span><\/span><span\n\t\tclass=\"vc_sep_holder vc_sep_holder_r\"><span class=\"vc_sep_line\"><\/span><\/span>\n\t<\/div>\n\t<div class=\"wpb_text_column wpb_content_element \">\n\t\t<div class=\"wpb_wrapper\">\n\t\t\t<h1>Trasporto nazionale e internazionale di merci<\/h1>\n\n\t\t<\/div>\n\t<\/div>\n<\/div><\/div><\/div><div class=\"vc_row wpb_row vc_row-fluid\"><div class=\"wpb_column vc_column_container vc_col-sm-6\"><div class=\"wpb_wrapper\">\n\t<div class=\"wpb_single_image wpb_content_element vc_align_left\">\n\t\t<div class=\"wpb_wrapper\">\n\t\t\t\n\t\t\t<div class=\"vc_single_image-wrapper   vc_box_border_grey\"><img width=\"4912\" height=\"3264\" src=\"https:\/\/test.topexpert.ro\/wp-content\/uploads\/2015\/08\/rutier.jpg\" class=\"vc_single_image-img attachment-full\" alt=\"\" loading=\"lazy\" srcset=\"https:\/\/test.topexpert.ro\/wp-content\/uploads\/2015\/08\/rutier.jpg 4912w, https:\/\/test.topexpert.ro\/wp-content\/uploads\/2015\/08\/rutier-300x199.jpg 300w, https:\/\/test.topexpert.ro\/wp-content\/uploads\/2015\/08\/rutier-768x510.jpg 768w, https:\/\/test.topexpert.ro\/wp-content\/uploads\/2015\/08\/rutier-1024x680.jpg 1024w\" sizes=\"(max-width: 4912px) 100vw, 4912px\" \/><\/div>\n\t\t<\/div>\n\t<\/div>\n<\/div><\/div><div class=\"wpb_column vc_column_container vc_col-sm-6\"><div class=\"wpb_wrapper\">\n\t<div class=\"wpb_text_column wpb_content_element \">\n\t\t<div class=\"wpb_wrapper\">\n\t\t\t<p><span class=\"txtb\">TOP EXPERT esegue trasporti e spedizioni di merci nazionale e internazionale, nel sistema door-to-door (porta a porta), carichi completi e parziali \/ groppate. Siamo in grado di inviare e ricezione delle merci a livello globale, beneficiando della partnership di prestigiose aziende del settore, utilizzando tutti i mezzi di trasporto necessari:<\/p>\n<ul>\n<li><a class=\"categ\" href=\"\/transport-rutier\/\">trasporto stradale<\/a><\/li>\n<li><a class=\"categ\" href=\"\/transport-maritim\/\">trasporto marittimo<\/a><\/li>\n<li><a class=\"categ\" href=\"\/transport-aerian\/\">trasporto aereo<\/a><\/li>\n<li><a class=\"categ\" href=\"\/transport-feroviar\/\">trasporto ferroviaria<\/a><\/li>\n<\/ul>\n<p>Tutte le soluzioni di trasporto proposte da noi sono personalizzati a seconda delle esigenze e delle peculiarit\u00e0 di ogni cliente, perseguendo un rapporto ottimale tra il tempo di transito delle merci, modalit\u00e0 di trasporto e dei costi connessi.<\/p>\n\n\t\t<\/div>\n\t<\/div>\n\t<div class=\"vc_btn3-container  wpb_animate_when_almost_visible wpb_appear vc_btn3-inline\"><a class=\"vc_general vc_btn3 vc_btn3-size-md vc_btn3-shape-rounded vc_btn3-style-flat vc_btn3-color-primary\" href=\"\/solicitare-online\/\" title=\"\" target=\"_self\">Richiedi questo servizio adesso<\/a><\/div><\/div><\/div><\/div><div class=\"vc_row wpb_row vc_row-fluid\"><div class=\"wpb_column vc_column_container vc_col-sm-12\"><div class=\"wpb_wrapper\"><div class=\"vc_separator wpb_content_element vc_separator_align_center vc_sep_width_100 vc_sep_pos_align_center vc_separator_no_text vc_sep_color_grey  vc_custom_1456253880461\"><span\n\t\tclass=\"vc_sep_holder vc_sep_holder_l\"><span\t\t\tclass=\"vc_sep_line\"><\/span><\/span><span\n\t\tclass=\"vc_sep_holder vc_sep_holder_r\"><span class=\"vc_sep_line\"><\/span><\/span>\n\t<\/div>\n\t<div class=\"wpb_text_column wpb_content_element \">\n\t\t<div class=\"wpb_wrapper\">\n\t\t\t<h1>Logistica<\/h1>\n\n\t\t<\/div>\n\t<\/div>\n<\/div><\/div><\/div><div class=\"vc_row wpb_row vc_row-fluid\"><\/div><div class=\"wpb_column vc_column_container vc_col-sm-6\"><div class=\"wpb_wrapper\">\n\t<div class=\"wpb_single_image wpb_content_element vc_align_left\">\n\t\t<div class=\"wpb_wrapper\">\n\t\t\t\n\t\t\t<div class=\"vc_single_image-wrapper   vc_box_border_grey\"><img width=\"5184\" height=\"3456\" src=\"https:\/\/test.topexpert.ro\/wp-content\/uploads\/2015\/08\/logistica-1.jpg\" class=\"vc_single_image-img attachment-full\" alt=\"\" loading=\"lazy\" srcset=\"https:\/\/test.topexpert.ro\/wp-content\/uploads\/2015\/08\/logistica-1.jpg 5184w, https:\/\/test.topexpert.ro\/wp-content\/uploads\/2015\/08\/logistica-1-300x200.jpg 300w, https:\/\/test.topexpert.ro\/wp-content\/uploads\/2015\/08\/logistica-1-768x512.jpg 768w, https:\/\/test.topexpert.ro\/wp-content\/uploads\/2015\/08\/logistica-1-1024x683.jpg 1024w\" sizes=\"(max-width: 5184px) 100vw, 5184px\" \/><\/div>\n\t\t<\/div>\n\t<\/div>\n<\/div><\/div><div class=\"wpb_column vc_column_container vc_col-sm-6\"><div class=\"wpb_wrapper\"><\/div><\/div>\n\t<div class=\"wpb_text_column wpb_content_element \">\n\t\t<div class=\"wpb_wrapper\">\n\t\t\t\n\t\t<\/div>\n\t<\/div>\n<br \/>\nTop Expert offre soluzioni complete e moderne logistiche su misura per le esigenze specifiche di ogni cliente, sviluppato e costruito in collaborazione con partner forti internamente ed esternamente.<br \/>\nServizi di logistica che offriamo ai nostri clienti includono la pianificazione, l&#8217;organizzazione, la conduzione e il controllo di ogni flusso di merci, a cominciare con la raccolta da parte dei fornitori, trasporto, movimentazione, stoccaggio e condizionamento di merci e termina con la loro distribuzione agli utenti finali.<br \/>\nUtilizzando le soluzioni di un fornitore leader partner logistico, i nostri clienti beneficiano di una serie di vantaggi, come la crescita del fatturato, la redditivit\u00e0 \u00e8 aumentata, riducendo gli investimenti di capitale, riducendo i costi operativi, gestione delle risorse e la vicinanza ai clienti a causa di consegna pi\u00f9 veloce di un livello qualitativamente pi\u00f9 alto.<\/p>\n<p>Qui ci sono alcuni servizi all&#8217;interno della catena di approvvigionamento:<\/p>\n<p> <a href=\"https:\/\/test.topexpert.ro\/it_IT\/services-2\/#more-110\" class=\"more-link\">(more&hellip;)<\/a><\/span><\/p>\n","protected":false},"excerpt":{"rendered":"<p>[vc_row][vc_column][vc_column_text]<\/p>\n<p>Top Expert offre ai propri clienti le soluzioni ottimali per il trasporto, la logistica e la risoluzione delle formalit\u00e0 doganali, assicurando che il nostro lavoro nell&#8217;interesse del cliente \u00e8 tenuto ad elevati &#8230;<\/p>\n","protected":false},"author":1,"featured_media":0,"parent":0,"menu_order":0,"comment_status":"open","ping_status":"open","template":"page-templates\/vc-template.php","meta":[],"_links":{"self":[{"href":"https:\/\/test.topexpert.ro\/it_IT\/wp-json\/wp\/v2\/pages\/110"}],"collection":[{"href":"https:\/\/test.topexpert.ro\/it_IT\/wp-json\/wp\/v2\/pages"}],"about":[{"href":"https:\/\/test.topexpert.ro\/it_IT\/wp-json\/wp\/v2\/types\/page"}],"author":[{"embeddable":true,"href":"https:\/\/test.topexpert.ro\/it_IT\/wp-json\/wp\/v2\/users\/1"}],"replies":[{"embeddable":true,"href":"https:\/\/test.topexpert.ro\/it_IT\/wp-json\/wp\/v2\/comments?post=110"}],"version-history":[{"count":99,"href":"https:\/\/test.topexpert.ro\/it_IT\/wp-json\/wp\/v2\/pages\/110\/revisions"}],"predecessor-version":[{"id":1946,"href":"https:\/\/test.topexpert.ro\/it_IT\/wp-json\/wp\/v2\/pages\/110\/revisions\/1946"}],"wp:attachment":[{"href":"https:\/\/test.topexpert.ro\/it_IT\/wp-json\/wp\/v2\/media?parent=110"}],"curies":[{"name":"wp","href":"https:\/\/api.w.org\/{rel}","templated":true}]}}